{"id":6,"date":"2024-05-23T10:58:04","date_gmt":"2024-05-23T08:58:04","guid":{"rendered":"http:\/\/clean-center.fr\/?page_id=6"},"modified":"2024-05-24T19:01:44","modified_gmt":"2024-05-24T17:01:44","slug":"accueil","status":"publish","type":"page","link":"https:\/\/clean-center.fr\/","title":{"rendered":"Accueil"},"content":{"rendered":"\n<div class=\"wp-block-columns is-layout-flex wp-container-core-columns-is-layout-9d6595d7 wp-block-columns-is-layout-flex\">\n<div class=\"wp-block-column is-layout-flow wp-block-column-is-layout-flow\" style=\"flex-basis:66.66%\"><\/div>\n\n\n\n<div class=\"wp-block-column is-layout-flow wp-block-column-is-layout-flow\" style=\"flex-basis:33.33%\"><\/div>\n<\/div>\n\n\n\n<p><\/p>\n\n\n\n<div class=\"wp-block-columns is-layout-flex wp-container-core-columns-is-layout-9d6595d7 wp-block-columns-is-layout-flex\">\n<div class=\"wp-block-column is-layout-flow wp-block-column-is-layout-flow\" style=\"flex-basis:66.66%\">\n<p id=\"block-7ecde9af-5e30-4ce4-8922-51b448d40df6\"><strong>Qu&#8217;est-ce que le detailing automobile&nbsp;?<\/strong><\/p>\n\n\n\n<p id=\"block-7dd2eb4c-ffe8-4ca2-b62e-45a488098666\">Il existe aujourd&#8217;hui de multiples m\u00e9thodes pour nettoyer et entretenir son v\u00e9hicule : station de lavage auto, nettoyage voiture au karcher ou encore lavage \u00e0 la maison \u00e0 l&#8217;aide d&#8217;un seau, d&#8217;une \u00e9ponge et de produits bien souvent inadapt\u00e9s.<br>Des techniques de lavage \u00e0 \u00e9viter puisqu&#8217;elles peuvent endommager la peinture de votre voiture. La meilleure m\u00e9thode pour restaurer ou entretenir une voiture est le detailing.<br>R\u00e9pandu aux Etat-Unis et en Angleterre, le detailing auto est une prestation fournie par un professionnel, visant \u00e0 nettoyer et r\u00e9nover int\u00e9gralement l&#8217;apparence esth\u00e9tique de votre voiture, int\u00e9rieur comme ext\u00e9rieur. Le detailing est traduit en fran\u00e7ais par l&#8217;expression de &#8220;cosm\u00e9tique automobile&#8221;.<br>Il consiste \u00e0 utiliser un ensemble d&#8217;outils (brosses, pinceaux, gants de nettoyage, pads de d\u00e9contamination, etc.), de techniques et de produits haut de gamme dans le but de redonner au v\u00e9hicule un aspect neuf. Le detailer est capable d&#8217;entretenir et de r\u00e9nover aussi bien votre v\u00e9hicule de prestige que votre v\u00e9hicule&nbsp;du&nbsp;quotidien.<\/p>\n<\/div>\n\n\n\n<div class=\"wp-block-column is-layout-flow wp-block-column-is-layout-flow\" style=\"flex-basis:33.33%\">\n<p> <br><br><\/p>\n\n\n\n<figure class=\"wp-block-image size-large is-resized\"><img loading=\"lazy\" decoding=\"async\" width=\"768\" height=\"1024\" src=\"https:\/\/clean-center.fr\/wp-content\/uploads\/2024\/05\/WhatsApp-Image-2024-05-24-a-19.00.21_a221ffaa-768x1024.jpg\" alt=\"\" class=\"wp-image-183\" style=\"width:166px;height:auto\" srcset=\"https:\/\/clean-center.fr\/wp-content\/uploads\/2024\/05\/WhatsApp-Image-2024-05-24-a-19.00.21_a221ffaa-768x1024.jpg 768w, https:\/\/clean-center.fr\/wp-content\/uploads\/2024\/05\/WhatsApp-Image-2024-05-24-a-19.00.21_a221ffaa-225x300.jpg 225w, https:\/\/clean-center.fr\/wp-content\/uploads\/2024\/05\/WhatsApp-Image-2024-05-24-a-19.00.21_a221ffaa-1152x1536.jpg 1152w, https:\/\/clean-center.fr\/wp-content\/uploads\/2024\/05\/WhatsApp-Image-2024-05-24-a-19.00.21_a221ffaa.jpg 1200w\" sizes=\"auto, (max-width: 768px) 100vw, 768px\" \/><\/figure>\n\n\n\n<figure class=\"wp-block-image size-large is-resized\"><img loading=\"lazy\" decoding=\"async\" width=\"768\" height=\"1024\" src=\"https:\/\/clean-center.fr\/wp-content\/uploads\/2024\/05\/WhatsApp-Image-2024-05-24-a-19.00.35_b64cacef-768x1024.jpg\" alt=\"\" class=\"wp-image-184\" style=\"width:167px;height:auto\" srcset=\"https:\/\/clean-center.fr\/wp-content\/uploads\/2024\/05\/WhatsApp-Image-2024-05-24-a-19.00.35_b64cacef-768x1024.jpg 768w, https:\/\/clean-center.fr\/wp-content\/uploads\/2024\/05\/WhatsApp-Image-2024-05-24-a-19.00.35_b64cacef-225x300.jpg 225w, https:\/\/clean-center.fr\/wp-content\/uploads\/2024\/05\/WhatsApp-Image-2024-05-24-a-19.00.35_b64cacef-1152x1536.jpg 1152w, https:\/\/clean-center.fr\/wp-content\/uploads\/2024\/05\/WhatsApp-Image-2024-05-24-a-19.00.35_b64cacef.jpg 1200w\" sizes=\"auto, (max-width: 768px) 100vw, 768px\" \/><\/figure>\n<\/div>\n<\/div>\n","protected":false},"excerpt":{"rendered":"<p>Qu&#8217;est-ce que le detailing automobile&nbsp;? Il existe aujourd&#8217;hui de multiples m\u00e9thodes pour nettoyer et entretenir son v\u00e9hicule : station de lavage auto, nettoyage voiture au karcher ou encore lavage \u00e0 la maison \u00e0 l&#8217;aide d&#8217;un seau, d&#8217;une \u00e9ponge et de produits bien souvent inadapt\u00e9s.Des techniques de lavage \u00e0 \u00e9viter puisqu&#8217;elles peuvent endommager la peinture de [&hellip;]<\/p>\n","protected":false},"author":1,"featured_media":0,"parent":0,"menu_order":0,"comment_status":"closed","ping_status":"closed","template":"","meta":{"footnotes":""},"class_list":["post-6","page","type-page","status-publish","hentry"],"_links":{"self":[{"href":"https:\/\/clean-center.fr\/index.php?rest_route=\/wp\/v2\/pages\/6","targetHints":{"allow":["GET"]}}],"collection":[{"href":"https:\/\/clean-center.fr\/index.php?rest_route=\/wp\/v2\/pages"}],"about":[{"href":"https:\/\/clean-center.fr\/index.php?rest_route=\/wp\/v2\/types\/page"}],"author":[{"embeddable":true,"href":"https:\/\/clean-center.fr\/index.php?rest_route=\/wp\/v2\/users\/1"}],"replies":[{"embeddable":true,"href":"https:\/\/clean-center.fr\/index.php?rest_route=%2Fwp%2Fv2%2Fcomments&post=6"}],"version-history":[{"count":5,"href":"https:\/\/clean-center.fr\/index.php?rest_route=\/wp\/v2\/pages\/6\/revisions"}],"predecessor-version":[{"id":185,"href":"https:\/\/clean-center.fr\/index.php?rest_route=\/wp\/v2\/pages\/6\/revisions\/185"}],"wp:attachment":[{"href":"https:\/\/clean-center.fr\/index.php?rest_route=%2Fwp%2Fv2%2Fmedia&parent=6"}],"curies":[{"name":"wp","href":"https:\/\/api.w.org\/{rel}","templated":true}]}}