{"id":15,"date":"2024-05-23T11:08:33","date_gmt":"2024-05-23T09:08:33","guid":{"rendered":"http:\/\/clean-center.fr\/?page_id=15"},"modified":"2024-05-24T18:43:09","modified_gmt":"2024-05-24T16:43:09","slug":"nous-trouver","status":"publish","type":"page","link":"https:\/\/clean-center.fr\/?page_id=15","title":{"rendered":"Nous trouver"},"content":{"rendered":"\n<p>Nous intervenons dans toute la vall\u00e9e de l&#8217;Arve et jusqu&#8217;\u00e0 Gen\u00e8ve. <br>Vous pouvez \u00e9galement venir nous rencontrer \u00e0 Chamonix.<br>N&#8217;h\u00e9sitez pas \u00e0 nous contacter ! <br><\/p>\n\n\n\n<br\/> <iframe src=\"https:\/\/www.google.com\/maps\/embed?pb=!1m18!1m12!1m3!1d2775.0145497325734!2d6.882504!3d45.931008999999996!2m3!1f0!2f0!3f0!3m2!1i1024!2i768!4f13.1!3m3!1m2!1s0x47894dd1787666af%3A0xcf19cffa17f82b0f!2sRte%20du%20Bouchet%2C%2074400%20Chamonix-Mont-Blanc!5e0!3m2!1sen!2sfr!4v1716568850781!5m2!1sen!2sfr\" width=\"600\" height=\"450\" style=\"border:0;\" allowfullscreen=\"\" loading=\"lazy\" referrerpolicy=\"no-referrer-when-downgrade\"><\/iframe>\n","protected":false},"excerpt":{"rendered":"<p>Nous intervenons dans toute la vall\u00e9e de l&#8217;Arve et jusqu&#8217;\u00e0 Gen\u00e8ve. Vous pouvez \u00e9galement venir nous rencontrer \u00e0 Chamonix.N&#8217;h\u00e9sitez pas \u00e0 nous contacter !<\/p>\n","protected":false},"author":1,"featured_media":0,"parent":0,"menu_order":0,"comment_status":"closed","ping_status":"closed","template":"","meta":{"footnotes":""},"class_list":["post-15","page","type-page","status-publish","hentry"],"_links":{"self":[{"href":"https:\/\/clean-center.fr\/index.php?rest_route=\/wp\/v2\/pages\/15","targetHints":{"allow":["GET"]}}],"collection":[{"href":"https:\/\/clean-center.fr\/index.php?rest_route=\/wp\/v2\/pages"}],"about":[{"href":"https:\/\/clean-center.fr\/index.php?rest_route=\/wp\/v2\/types\/page"}],"author":[{"embeddable":true,"href":"https:\/\/clean-center.fr\/index.php?rest_route=\/wp\/v2\/users\/1"}],"replies":[{"embeddable":true,"href":"https:\/\/clean-center.fr\/index.php?rest_route=%2Fwp%2Fv2%2Fcomments&post=15"}],"version-history":[{"count":7,"href":"https:\/\/clean-center.fr\/index.php?rest_route=\/wp\/v2\/pages\/15\/revisions"}],"predecessor-version":[{"id":173,"href":"https:\/\/clean-center.fr\/index.php?rest_route=\/wp\/v2\/pages\/15\/revisions\/173"}],"wp:attachment":[{"href":"https:\/\/clean-center.fr\/index.php?rest_route=%2Fwp%2Fv2%2Fmedia&parent=15"}],"curies":[{"name":"wp","href":"https:\/\/api.w.org\/{rel}","templated":true}]}}